{"id":1371,"date":"2016-09-16T07:02:14","date_gmt":"2016-09-16T06:02:14","guid":{"rendered":"http:\/\/prado-vilamoura.com\/?page_id=1371"},"modified":"2026-04-01T12:17:25","modified_gmt":"2026-04-01T11:17:25","slug":"home-2","status":"publish","type":"page","link":"https:\/\/www.prado-vilamoura.com\/pt-pt\/","title":{"rendered":"In\u00edcio"},"content":{"rendered":"<section class=\"wpb-content-wrapper\"><p>[vc_row gap=&#8221;30&#8243; equal_height=&#8221;yes&#8221;][vc_column width=&#8221;2\/3&#8243; css=&#8221;.vc_custom_1544722948975{padding-right: 50px !important;padding-left: 50px !important;}&#8221;][vc_custom_heading text=&#8221;Prado Vilamoura&#8221; font_container=&#8221;tag:h1|text_align:left&#8221; use_theme_fonts=&#8221;yes&#8221; text_transform=&#8221;text-uppercase&#8221; el_class=&#8221;m-t-lg m-b-none&#8221;][vc_column_text el_class=&#8221;m-t-xs page-sub-title&#8221;]Aldeamentos Turisticos ***&nbsp; &nbsp;com moradias e apartamentos em Vilamoura, no cora\u00e7\u00e3o do Algarve.<\/p>\n<p>&nbsp;[\/vc_column_text][vc_separator color=&#8221;custom&#8221; align=&#8221;align_left&#8221; border_width=&#8221;3&#8243; type=&#8221;small&#8221; gap=&#8221;short&#8221; accent_color=&#8221;#bc9552&#8243;][vc_column_text el_class=&#8221;lead m-t-xs&#8221;]<\/p>\n<h3>\u2026onde dois conceitos diferentes de self-catering, cada um com o seu car\u00e1ter distinto, aguardam por si\u2026<\/h3>\n<p>[\/vc_column_text][vc_row_inner equal_height=&#8221;yes&#8221; el_class=&#8221;col-2-no-margin&#8221;][vc_column_inner el_class=&#8221;caption&#8221; width=&#8221;1\/2&#8243;][vc_custom_heading text=&#8221;Prado Villas&#8221; font_container=&#8221;tag:h4|text_align:center|color:%23ffffff&#8221; use_theme_fonts=&#8221;yes&#8221; text_transform=&#8221;text-uppercase&#8221; el_class=&#8221;m-b-none section-title&#8221; css=&#8221;.vc_custom_1545039882570{padding-top: 15px !important;padding-bottom: 15px !important;background-color: #1aa4c7 !important;}&#8221;]<div class=\"evc-single-image evc-shortcode  evc-shortcode-has-link\">\n\t<div class=\"evc-si-inner evc-ib-zoom\">\n\t\t\t\t\t<a href=\"\/pt-pt\/prado-villas\/\">\n\t\t\t\t\n\t\t\t\t\n\t\t<img src=\"https:\/\/www.prado-vilamoura.com\/wp-content\/uploads\/2018\/12\/Prado-Villas-External-600x400.jpg\" alt=\"Prado VIllas exterior of villas surrounded by grass and red hibiscus flowers\" width=\"600\" height=\"400\" \/>\t\t\n\t\t\t\t\t<\/a>\n\t\t\t<\/div>\n<\/div>\n[vc_column_text el_class=&#8221;caption-txt&#8221;]<a href=\"https:\/\/www.prado-vilamoura.com\/pt-pt\/prado-villas\/\"><strong>Prado Villas<\/strong><\/a> com o seu ambiente estilo boutique e o seu conjunto exclusivo de 18 moradias superiores de dois quartos e duas casas de banho, integradas em jardins tropicais.[\/vc_column_text]<a class=\"evc-button evc-shortcode  evc-btn-fill-line evc-btn-normal evc-btn-has-icon\" href=\"\/pt-pt\/prado-villas\/\" style=\"text-transform: uppercase\" >\n\t\t\n\t<span class=\"evc-btn-icon fa fa-angle-right\"><\/span>\n\t<span class=\"evc-btn-text\">Saber Mais<\/span>\n\t<span class=\"evc-btn-fill-line\" ><\/span>\n<\/a>\n[\/vc_column_inner][vc_column_inner el_class=&#8221;caption&#8221; width=&#8221;1\/2&#8243;][vc_custom_heading text=&#8221;Prado do Golf&#8221; font_container=&#8221;tag:h4|text_align:center|color:%23ffffff&#8221; use_theme_fonts=&#8221;yes&#8221; text_transform=&#8221;text-uppercase&#8221; el_class=&#8221;m-b-none section-title&#8221; css=&#8221;.vc_custom_1545039894545{padding-top: 15px !important;padding-bottom: 15px !important;background-color: #1aa4c7 !important;}&#8221;]<div class=\"evc-single-image evc-shortcode  evc-shortcode-has-link\">\n\t<div class=\"evc-si-inner evc-ib-zoom\">\n\t\t\t\t\t<a href=\"\/pt-pt\/prado-do-golf\/\">\n\t\t\t\t\n\t\t\t\t\n\t\t<img src=\"https:\/\/www.prado-vilamoura.com\/wp-content\/uploads\/2019\/06\/Pool-aerial-2-600x400.jpg\" alt=\"Prado do Golf accommodation with pool in vilamoura Algarve\" width=\"600\" height=\"400\" \/>\t\t\n\t\t\t\t\t<\/a>\n\t\t\t<\/div>\n<\/div>\n[vc_column_text el_class=&#8221;caption-txt&#8221;]O&nbsp;<span style=\"color: #000000;\"><a style=\"color: #000000;\" href=\"https:\/\/www.prado-vilamoura.com\/pt-pt\/prado-do-golf\/\"><strong>Prado do Golf<\/strong><\/a>,<\/span> um aldeamento Tur\u00edstico de 3 estrelas maior e mais tradicional com uma maior selec\u00e7\u00e3o de op\u00e7\u00f5es de alojamento para todos os or\u00e7amentos com um vibrante bar de piscina e duas piscinas.[\/vc_column_text]<a class=\"evc-button evc-shortcode  evc-btn-fill-line evc-btn-normal evc-btn-has-icon\" href=\"\/pt-pt\/prado-do-golf\/\" style=\"text-transform: uppercase\" >\n\t\t\n\t<span class=\"evc-btn-icon fa fa-angle-right\"><\/span>\n\t<span class=\"evc-btn-text\">Saber Mais<\/span>\n\t<span class=\"evc-btn-fill-line\" ><\/span>\n<\/a>\n[\/vc_column_inner][\/vc_row_inner][vc_column_text]As nossas vilas &amp; apartamentos para f\u00e9rias no Prado Villas &amp; Prado do Golf est\u00e3o devidamente equipadas para oferecer aos nossos h\u00f3spedes umas f\u00e9rias perfeitas.<\/p>\n<p>Ambos os nossas aldeamentos encontram-se perfeitamente situadas em Vilamoura perto do centro de Vilamoura e as suas belas praias, campos de golfe de renome mundial, e a sua vibrante Marina de Vilamoura oferecendo uma grande variedade de actividades de lazer e recreativas.<\/p>\n<p>Com o aeroporto de Faro a apenas 25 minutos de carro, isto tamb\u00e9m torna o Prado Vilamoura facilmente acess\u00edvel como destino de f\u00e9rias.<\/p>\n<p>&nbsp;<\/p>\n<p>Nos nossos aldeamentos aceitamos <strong>animais de estima\u00e7\u00e3o<\/strong>. Tem um custo extra de 50 euros total. Vamos necessitar um de deposito de 250 euros. Este valor ser\u00e1 devolvido no final da estadia depois da acomoda\u00e7\u00e3o ser inspecionada.<\/p>\n<p>&nbsp;[\/vc_column_text]<blockquote class=\"evc-blockquote evc-shortcode alternative-font evc-b-left-line\" style=\"font-size: 1.6em\">\n\t<span class=\"evc-b-text\">Esperamos ansiosamente por si no Prado Vilamoura nas suas pr\u00f3ximas f\u00e9rias<\/span>\n<\/blockquote>\n[vc_empty_space height=&#8221;50px&#8221;][\/vc_column][vc_column parallax=&#8221;content-moving-fade&#8221; parallax_speed_bg=&#8221;2&#8243; width=&#8221;1\/3&#8243; section_text_color=&#8221;light&#8221; is_section=&#8221;yes&#8221; css=&#8221;.vc_custom_1617965994277{padding-top: 40px !important;padding-right: 55px !important;padding-left: 55px !important;background: #1aa4c7 url(https:\/\/www.prado-vilamoura.com\/wp-content\/uploads\/2018\/12\/overlay-1.png?id=458) !important;background-position: 0 0 !important;background-repeat: no-repeat !important;}&#8221; el_class=&#8221;fixed-bg&#8221;][vc_column_text el_class=&#8221;lead m-t-xs&#8221;]<\/p>\n<h3>Torne-o M\u00e1gico&#8230;<\/h3>\n<p>[\/vc_column_text]<div class=\"porto-carousel owl-carousel has-ccols ccols-lg-4 ccols-md-3 ccols-sm-2 ccols-1 wpb_custom_c86c2fb53cae9eced42d4b8900a042f3\" data-plugin-options=\"{&quot;stagePadding&quot;:0,&quot;margin&quot;:0,&quot;autoplay&quot;:&quot;yes&quot;,&quot;mouseDrag&quot;:true,&quot;touchDrag&quot;:true,&quot;autoplayTimeout&quot;:5000,&quot;autoplayHoverPause&quot;:false,&quot;items&quot;:1,&quot;lg&quot;:4,&quot;md&quot;:3,&quot;sm&quot;:2,&quot;xs&quot;:1,&quot;nav&quot;:false,&quot;dots&quot;:&quot;yes&quot;,&quot;animateIn&quot;:&quot;&quot;,&quot;animateOut&quot;:&quot;&quot;,&quot;loop&quot;:&quot;yes&quot;,&quot;center&quot;:&quot;yes&quot;,&quot;video&quot;:false,&quot;lazyLoad&quot;:false,&quot;fullscreen&quot;:false}\">[vc_single_image image=&#8221;466&#8243; img_size=&#8221;720&#215;460&#8243;][vc_single_image image=&#8221;460&#8243; img_size=&#8221;720&#215;460&#8243;][vc_single_image image=&#8221;515&#8243; img_size=&#8221;720&#215;460&#8243;]<\/div>[vc_column_text]O<strong> Prado Villas<\/strong>&nbsp;\u00e9 o local perfeito para o seu casamento ao Sol.<\/p>\n<p>Os nossos pr\u00f3prios gestores de cerim\u00f3nias dedicados est\u00e3o dispon\u00edveis para ajudar em todas as etapas do planeamento do seu casamento de sonho.<\/p>\n<p><strong>Contacte a nossa equipa de eventos para obter mais pormenores atrav\u00e9s do (+351) 289 321250 ou email reservas@prado-vilamoura.com<\/strong>[\/vc_column_text][\/vc_column][\/vc_row][vc_row wrap_container=&#8221;yes&#8221; is_section=&#8221;yes&#8221; section_skin=&#8221;parallax&#8221; remove_margin_top=&#8221;yes&#8221; remove_margin_bottom=&#8221;yes&#8221; remove_border=&#8221;yes&#8221; css=&#8221;.vc_custom_1545040765194{background-color: #f4f4f4 !important;}&#8221;][vc_column][vc_custom_heading text=&#8221;Ofertas Especiais&#8221; font_container=&#8221;tag:h3|text_align:center&#8221; use_theme_fonts=&#8221;yes&#8221; text_transform=&#8221;text-uppercase&#8221; el_class=&#8221;m-t-md m-b-none&#8221; link=&#8221;url:https%3A%2F%2Fwww.prado-vilamoura.com%2Fpt-pt%2Fofertas-especiais%2F|||&#8221;][vc_separator color=&#8221;custom&#8221; border_width=&#8221;3&#8243; type=&#8221;small&#8221; gap=&#8221;short&#8221; accent_color=&#8221;#bc9552&#8243; el_class=&#8221;m-b-xlg&#8221;][vc_row_inner equal_height=&#8221;yes&#8221;][vc_column_inner offset=&#8221;vc_col-md-6&#8243;]<div class=\"porto-image-frame  box-shadow-custom thumb-info-side-image-custom thumb-info-side-image-custom-highlight\" data-appear-animation=\"fadeIn\"><div class=\"thumb-info thumb-info-side-image thumb-info-no-zoom thumb-info-centered-icons thumb-info-no-borders\"><span class=\"thumb-info-side-image-wrapper\"><img alt=\"Prado do Golf accommodation with pool in vilamoura Algarve\" src=\"\/\/www.prado-vilamoura.com\/wp-content\/uploads\/2019\/06\/Pool-aerial-2.jpg\" class=\"img-responsive\" width=\"2048\" height=\"1365\"><\/span><div class=\"thumb-info-caption\"><div class=\"thumb-info-caption-text\"><h5 class=\"font-weight-semibold m-b-xs\">Prado do Golf<\/h5><h3 style=\"text-align: center;\">OFERTA 2026- PRADO DO GOLF<\/h3>\n<p style=\"text-align: center;\">Reserve as nossas moradias e apartamentos no Prado do Golf e poupe at\u00e9 15%.<\/p>\n<p style=\"text-align: left;\"><a class=\"fasc-button fasc-size-medium fasc-type-popout fasc-rounded-medium ico-fa fasc-ico-before fa-hand-o-right fasc-style-bold\" style=\"background-color: #137196; color: #ffffff;\" target=\"_blank\" rel=\"noopener\" href=\"https:\/\/direct-book.com\/properties\/PradodoGolfdirect?locale=pt&amp;items[0][adults]=2&amp;items[0][children]=0&amp;items[0][infants]=0&amp;currency=EUR&amp;checkInDate=2021-06-01&amp;checkOutDate=2021-06-02\">15% Desconto<\/a>&nbsp; \u2013 Deposito da 1\u00aa noite n\u00e3o reembols\u00e1vel. Restante do pagamento no dia da chegada.<\/p>\n<p>&nbsp;<\/p>\n<p style=\"text-align: center;\">Oferta valida at\u00e9 31\/05\/26<\/p>\n<p>&nbsp;<\/p>\n<p style=\"text-align: left;\"><strong>Contacte-nos por email&nbsp;<a href=\"mailto:reservas@prado-vilamoura.com\">reservas@prado-vilamoura.com<\/a>&nbsp;<\/strong><\/p>\n<\/div><\/div><\/div><\/div>[\/vc_column_inner][vc_column_inner offset=&#8221;vc_col-md-6&#8243;]<div class=\"porto-image-frame  box-shadow-custom thumb-info-side-image-custom thumb-info-side-image-custom-highlight\" data-appear-animation=\"fadeIn\"><div class=\"thumb-info thumb-info-side-image thumb-info-no-zoom thumb-info-centered-icons thumb-info-no-borders\"><span class=\"thumb-info-side-image-wrapper\"><img alt=\"Prado Villas villa terrace\" src=\"\/\/www.prado-vilamoura.com\/wp-content\/uploads\/2019\/06\/Front-of-villa.jpg\" class=\"img-responsive\" width=\"2048\" height=\"1365\"><\/span><div class=\"thumb-info-caption\"><div class=\"thumb-info-caption-text\"><h5 class=\"font-weight-semibold m-b-xs\">Prado Villas<\/h5><h3 style=\"text-align: center;\">OFERTA 2026 \u2013 PRADO VILLAS<\/h3>\n<p style=\"text-align: center;\">Reserve as nossas moradias modernas de&nbsp; dois quartos no Prado Villas e poupe 15%.<\/p>\n<p style=\"text-align: left;\"><a class=\"fasc-button fasc-size-medium fasc-type-popout fasc-rounded-medium ico-fa fasc-ico-before fa-hand-o-right fasc-style-bold\" style=\"background-color: #137196; color: #ffffff;\" target=\"_blank\" rel=\"noopener\" href=\"https:\/\/direct-book.com\/properties\/PradoVillasDirect?locale=pt&amp;items[0][adults]=2&amp;items[0][children]=0&amp;items[0][infants]=0&amp;currency=EUR&amp;checkInDate=2021-06-01&amp;checkOutDate=2021-06-02\">15% Desconto<\/a> \u2013&nbsp; Deposito da 1\u00aa noite n\u00e3o reembols\u00e1vel. Restante do pagamento no dia da chegada.<\/p>\n<p>&nbsp;<\/p>\n<p>&nbsp;<\/p>\n<p style=\"text-align: center;\">Oferta valido at\u00e9 31\/5\/26<\/p>\n<p>&nbsp;<\/p>\n<p style=\"text-align: left;\"><strong>Contacte-nos por email&nbsp;<a href=\"mailto:reservas@prado-vilamoura.com\">reservas@prado-vilamoura.com<\/a><\/strong><\/p>\n<\/div><\/div><\/div><\/div>[\/vc_column_inner][\/vc_row_inner]\t<div class=\"evc-button-wrapper evc-btn-center\">\n<a class=\"evc-button evc-shortcode  evc-btn-fill-line evc-btn-normal \" href=\"\/pt-pt\/ofertas-especiais\/\" style=\"font-size: 1.2em;color: #555555\" >\n\t\t<span class=\"evc-btn-text\">VER TODAS<\/span>\n\t<span class=\"evc-btn-fill-line\" ><\/span>\n<\/a>\n\t<\/div>\n[\/vc_column][\/vc_row][vc_row full_width=&#8221;stretch_row_content_no_spaces&#8221;][vc_column]<div class=\"evc-single-image evc-shortcode  \">\n\t<div class=\"evc-si-inner evc-ib-circle-fade-out\">\n\t\t\t\t\n\t\t\t\t\n\t\t<img width=\"1200\" height=\"298\" src=\"https:\/\/www.prado-vilamoura.com\/wp-content\/uploads\/2019\/07\/New-artwork-wedding-banner.jpg\" class=\"attachment-full size-full\" alt=\"wedding at Prado Villas, Vilamoura, Algarve, Portugal\" decoding=\"async\" loading=\"lazy\" srcset=\"https:\/\/www.prado-vilamoura.com\/wp-content\/uploads\/2019\/07\/New-artwork-wedding-banner.jpg 1200w, https:\/\/www.prado-vilamoura.com\/wp-content\/uploads\/2019\/07\/New-artwork-wedding-banner-768x191.jpg 768w, https:\/\/www.prado-vilamoura.com\/wp-content\/uploads\/2019\/07\/New-artwork-wedding-banner-1024x254.jpg 1024w, https:\/\/www.prado-vilamoura.com\/wp-content\/uploads\/2019\/07\/New-artwork-wedding-banner-367x91.jpg 367w\" sizes=\"(max-width: 1200px) 100vw, 1200px\" \/>\t\t\n\t\t\t<\/div>\n<\/div>\n[\/vc_column][\/vc_row]<\/p>\n<\/section>","protected":false},"excerpt":{"rendered":"<p>[vc_row gap=&#8221;30&#8243; equal_height=&#8221;yes&#8221;][vc_column width=&#8221;2\/3&#8243; css=&#8221;.vc_custom_1544722948975{padding-right: 50px !important;padding-left: 50px !important;}&#8221;][vc_custom_heading text=&#8221;Prado Vilamoura&#8221; font_container=&#8221;tag:h1|text_align:left&#8221; use_theme_fonts=&#8221;yes&#8221; text_transform=&#8221;text-uppercase&#8221; el_class=&#8221;m-t-lg m-b-none&#8221;][vc_column_text el_class=&#8221;m-t-xs page-sub-title&#8221;]Aldeamentos Turisticos ***&nbsp; &nbsp;com moradias e apartamentos em Vilamoura, no cora\u00e7\u00e3o do Algarve. &nbsp;[\/vc_column_text][vc_separator color=&#8221;custom&#8221; align=&#8221;align_left&#8221; border_width=&#8221;3&#8243; type=&#8221;small&#8221; gap=&#8221;short&#8221; accent_color=&#8221;#bc9552&#8243;][vc_column_text el_class=&#8221;lead m-t-xs&#8221;] \u2026onde dois conceitos diferentes de self-catering, cada um com o seu car\u00e1ter distinto, aguardam por si\u2026 [&hellip;]<\/p>\n","protected":false},"author":1,"featured_media":0,"parent":0,"menu_order":0,"comment_status":"closed","ping_status":"closed","template":"","meta":[],"yoast_head":"<!-- This site is optimized with the Yoast SEO Premium plugin v20.0 (Yoast SEO v20.0) - https:\/\/yoast.com\/wordpress\/plugins\/seo\/ -->\n<title>F\u00e9rias no Algarve | Apartamentos &amp; moradias com piscina<\/title>\n<meta name=\"description\" content=\"Reserve a suas f\u00e9rias no Algarve no Prado do Golf &amp; Prado Villas em Vilamoura. Moradias &amp; Apartamentos de 1 &amp; 2 quartos com piscina e Wifi.\" \/>\n<meta name=\"robots\" content=\"index, follow, max-snippet:-1, max-image-preview:large, max-video-preview:-1\" \/>\n<link rel=\"canonical\" href=\"https:\/\/www.prado-vilamoura.com\/pt-pt\/\" \/>\n<meta property=\"og:locale\" content=\"pt_PT\" \/>\n<meta property=\"og:type\" content=\"article\" \/>\n<meta property=\"og:title\" content=\"In\u00edcio\" \/>\n<meta property=\"og:description\" content=\"Reserve a suas f\u00e9rias no Algarve no Prado do Golf &amp; Prado Villas em Vilamoura. Moradias &amp; Apartamentos de 1 &amp; 2 quartos com piscina e Wifi.\" \/>\n<meta property=\"og:url\" content=\"https:\/\/www.prado-vilamoura.com\/pt-pt\/\" \/>\n<meta property=\"og:site_name\" content=\"Prado Vilamoura\" \/>\n<meta property=\"article:publisher\" content=\"https:\/\/www.facebook.com\/pradovilamoura\" \/>\n<meta property=\"article:modified_time\" content=\"2026-04-01T11:17:25+00:00\" \/>\n<meta property=\"og:image\" content=\"https:\/\/www.prado-vilamoura.com\/wp-content\/uploads\/2019\/06\/Bed-2-1024x684.jpg\" \/>\n<meta name=\"twitter:card\" content=\"summary_large_image\" \/>\n<meta name=\"twitter:site\" content=\"@pradovilamoura\" \/>\n<meta name=\"twitter:label1\" content=\"Tempo estimado de leitura\" \/>\n\t<meta name=\"twitter:data1\" content=\"3 minutos\" \/>\n<script type=\"application\/ld+json\" class=\"yoast-schema-graph\">{\"@context\":\"https:\/\/schema.org\",\"@graph\":[{\"@type\":\"WebPage\",\"@id\":\"https:\/\/www.prado-vilamoura.com\/pt-pt\/\",\"url\":\"https:\/\/www.prado-vilamoura.com\/pt-pt\/\",\"name\":\"F\u00e9rias no Algarve | Apartamentos & moradias com piscina\",\"isPartOf\":{\"@id\":\"https:\/\/www.prado-vilamoura.com\/pt-pt\/#website\"},\"datePublished\":\"2016-09-16T06:02:14+00:00\",\"dateModified\":\"2026-04-01T11:17:25+00:00\",\"description\":\"Reserve a suas f\u00e9rias no Algarve no Prado do Golf & Prado Villas em Vilamoura. Moradias & Apartamentos de 1 & 2 quartos com piscina e Wifi.\",\"breadcrumb\":{\"@id\":\"https:\/\/www.prado-vilamoura.com\/pt-pt\/#breadcrumb\"},\"inLanguage\":\"pt-PT\",\"potentialAction\":[{\"@type\":\"ReadAction\",\"target\":[\"https:\/\/www.prado-vilamoura.com\/pt-pt\/\"]}]},{\"@type\":\"BreadcrumbList\",\"@id\":\"https:\/\/www.prado-vilamoura.com\/pt-pt\/#breadcrumb\",\"itemListElement\":[{\"@type\":\"ListItem\",\"position\":1,\"name\":\"Home\",\"item\":\"https:\/\/www.prado-vilamoura.com\/pt-pt\/\"},{\"@type\":\"ListItem\",\"position\":2,\"name\":\"In\u00edcio\"}]},{\"@type\":\"WebSite\",\"@id\":\"https:\/\/www.prado-vilamoura.com\/pt-pt\/#website\",\"url\":\"https:\/\/www.prado-vilamoura.com\/pt-pt\/\",\"name\":\"Prado Vilamoura\",\"description\":\"Self-catering holiday  Villas and Apartments in Vilamoura, the heart of the Algarve\",\"publisher\":{\"@id\":\"https:\/\/www.prado-vilamoura.com\/pt-pt\/#organization\"},\"potentialAction\":[{\"@type\":\"SearchAction\",\"target\":{\"@type\":\"EntryPoint\",\"urlTemplate\":\"https:\/\/www.prado-vilamoura.com\/pt-pt\/?s={search_term_string}\"},\"query-input\":\"required name=search_term_string\"}],\"inLanguage\":\"pt-PT\"},{\"@type\":\"Organization\",\"@id\":\"https:\/\/www.prado-vilamoura.com\/pt-pt\/#organization\",\"name\":\"Prado Vilamoura\",\"url\":\"https:\/\/www.prado-vilamoura.com\/pt-pt\/\",\"logo\":{\"@type\":\"ImageObject\",\"inLanguage\":\"pt-PT\",\"@id\":\"https:\/\/www.prado-vilamoura.com\/pt-pt\/#\/schema\/logo\/image\/\",\"url\":\"https:\/\/www.prado-vilamoura.com\/wp-content\/uploads\/2018\/12\/logo-full.svg\",\"contentUrl\":\"https:\/\/www.prado-vilamoura.com\/wp-content\/uploads\/2018\/12\/logo-full.svg\",\"caption\":\"Prado Vilamoura\"},\"image\":{\"@id\":\"https:\/\/www.prado-vilamoura.com\/pt-pt\/#\/schema\/logo\/image\/\"},\"sameAs\":[\"https:\/\/www.instagram.com\/pradovilamoura\",\"https:\/\/www.facebook.com\/pradovilamoura\",\"https:\/\/twitter.com\/pradovilamoura\"]}]}<\/script>\n<!-- \/ Yoast SEO Premium plugin. -->","yoast_head_json":{"title":"F\u00e9rias no Algarve | Apartamentos & moradias com piscina","description":"Reserve a suas f\u00e9rias no Algarve no Prado do Golf & Prado Villas em Vilamoura. Moradias & Apartamentos de 1 & 2 quartos com piscina e Wifi.","robots":{"index":"index","follow":"follow","max-snippet":"max-snippet:-1","max-image-preview":"max-image-preview:large","max-video-preview":"max-video-preview:-1"},"canonical":"https:\/\/www.prado-vilamoura.com\/pt-pt\/","og_locale":"pt_PT","og_type":"article","og_title":"In\u00edcio","og_description":"Reserve a suas f\u00e9rias no Algarve no Prado do Golf & Prado Villas em Vilamoura. Moradias & Apartamentos de 1 & 2 quartos com piscina e Wifi.","og_url":"https:\/\/www.prado-vilamoura.com\/pt-pt\/","og_site_name":"Prado Vilamoura","article_publisher":"https:\/\/www.facebook.com\/pradovilamoura","article_modified_time":"2026-04-01T11:17:25+00:00","og_image":[{"url":"https:\/\/www.prado-vilamoura.com\/wp-content\/uploads\/2019\/06\/Bed-2-1024x684.jpg"}],"twitter_card":"summary_large_image","twitter_site":"@pradovilamoura","twitter_misc":{"Tempo estimado de leitura":"3 minutos"},"schema":{"@context":"https:\/\/schema.org","@graph":[{"@type":"WebPage","@id":"https:\/\/www.prado-vilamoura.com\/pt-pt\/","url":"https:\/\/www.prado-vilamoura.com\/pt-pt\/","name":"F\u00e9rias no Algarve | Apartamentos & moradias com piscina","isPartOf":{"@id":"https:\/\/www.prado-vilamoura.com\/pt-pt\/#website"},"datePublished":"2016-09-16T06:02:14+00:00","dateModified":"2026-04-01T11:17:25+00:00","description":"Reserve a suas f\u00e9rias no Algarve no Prado do Golf & Prado Villas em Vilamoura. Moradias & Apartamentos de 1 & 2 quartos com piscina e Wifi.","breadcrumb":{"@id":"https:\/\/www.prado-vilamoura.com\/pt-pt\/#breadcrumb"},"inLanguage":"pt-PT","potentialAction":[{"@type":"ReadAction","target":["https:\/\/www.prado-vilamoura.com\/pt-pt\/"]}]},{"@type":"BreadcrumbList","@id":"https:\/\/www.prado-vilamoura.com\/pt-pt\/#breadcrumb","itemListElement":[{"@type":"ListItem","position":1,"name":"Home","item":"https:\/\/www.prado-vilamoura.com\/pt-pt\/"},{"@type":"ListItem","position":2,"name":"In\u00edcio"}]},{"@type":"WebSite","@id":"https:\/\/www.prado-vilamoura.com\/pt-pt\/#website","url":"https:\/\/www.prado-vilamoura.com\/pt-pt\/","name":"Prado Vilamoura","description":"Self-catering holiday  Villas and Apartments in Vilamoura, the heart of the Algarve","publisher":{"@id":"https:\/\/www.prado-vilamoura.com\/pt-pt\/#organization"},"potentialAction":[{"@type":"SearchAction","target":{"@type":"EntryPoint","urlTemplate":"https:\/\/www.prado-vilamoura.com\/pt-pt\/?s={search_term_string}"},"query-input":"required name=search_term_string"}],"inLanguage":"pt-PT"},{"@type":"Organization","@id":"https:\/\/www.prado-vilamoura.com\/pt-pt\/#organization","name":"Prado Vilamoura","url":"https:\/\/www.prado-vilamoura.com\/pt-pt\/","logo":{"@type":"ImageObject","inLanguage":"pt-PT","@id":"https:\/\/www.prado-vilamoura.com\/pt-pt\/#\/schema\/logo\/image\/","url":"https:\/\/www.prado-vilamoura.com\/wp-content\/uploads\/2018\/12\/logo-full.svg","contentUrl":"https:\/\/www.prado-vilamoura.com\/wp-content\/uploads\/2018\/12\/logo-full.svg","caption":"Prado Vilamoura"},"image":{"@id":"https:\/\/www.prado-vilamoura.com\/pt-pt\/#\/schema\/logo\/image\/"},"sameAs":["https:\/\/www.instagram.com\/pradovilamoura","https:\/\/www.facebook.com\/pradovilamoura","https:\/\/twitter.com\/pradovilamoura"]}]}},"_links":{"self":[{"href":"https:\/\/www.prado-vilamoura.com\/pt-pt\/wp-json\/wp\/v2\/pages\/1371"}],"collection":[{"href":"https:\/\/www.prado-vilamoura.com\/pt-pt\/wp-json\/wp\/v2\/pages"}],"about":[{"href":"https:\/\/www.prado-vilamoura.com\/pt-pt\/wp-json\/wp\/v2\/types\/page"}],"author":[{"embeddable":true,"href":"https:\/\/www.prado-vilamoura.com\/pt-pt\/wp-json\/wp\/v2\/users\/1"}],"replies":[{"embeddable":true,"href":"https:\/\/www.prado-vilamoura.com\/pt-pt\/wp-json\/wp\/v2\/comments?post=1371"}],"version-history":[{"count":82,"href":"https:\/\/www.prado-vilamoura.com\/pt-pt\/wp-json\/wp\/v2\/pages\/1371\/revisions"}],"predecessor-version":[{"id":12976,"href":"https:\/\/www.prado-vilamoura.com\/pt-pt\/wp-json\/wp\/v2\/pages\/1371\/revisions\/12976"}],"wp:attachment":[{"href":"https:\/\/www.prado-vilamoura.com\/pt-pt\/wp-json\/wp\/v2\/media?parent=1371"}],"curies":[{"name":"wp","href":"https:\/\/api.w.org\/{rel}","templated":true}]}}