{"id":1404,"date":"2019-03-18T10:44:29","date_gmt":"2019-03-18T10:44:29","guid":{"rendered":"http:\/\/prado-vilamoura.com\/?page_id=1404"},"modified":"2023-01-11T15:43:02","modified_gmt":"2023-01-11T15:43:02","slug":"termos-e-condicoes","status":"publish","type":"page","link":"https:\/\/www.prado-vilamoura.com\/pt-pt\/termos-e-condicoes\/","title":{"rendered":"Termos e Condi\u00e7\u00f5es"},"content":{"rendered":"<h2>Aviso Legal<\/h2>\n<p>Este website \u00e9-lhe disponibilizado, enquanto utilizador, sob a condi\u00e7\u00e3o de aceder-lhe sem modifica\u00e7\u00e3o dos termos, condi\u00e7\u00f5es e avisos nele contidos. A usa utiliza\u00e7\u00e3o deste Website constitui a sua concord\u00e2ncia com a totalidade destes termos, condi\u00e7\u00f5es e avisos.<\/p>\n<p>Este Website destina-se \u00e0 sua utiliza\u00e7\u00e3o pessoal, n\u00e3o comercial e n\u00e3o poder\u00e1 copiar, distribuir, transmitir ou vender qualquer informa\u00e7\u00e3o aqui contida ou obtida a partir deste Website.<\/p>\n<p>Todas as marcas registadas exibidas neste site n\u00e3o podem ser usadas ou exibidas publicamente sem a pr\u00e9via autoriza\u00e7\u00e3o por escrito de Prado Resorts Vilamoura.<\/p>\n<h2>Aviso de Responsabilidade<\/h2>\n<p>Os materiais encontrados neste website s\u00e3o fornecidos \u2018no estado em que se v\u00ea\u2019 sem qualquer garantia, representa\u00e7\u00e3o, condi\u00e7\u00e3o, compromisso ou termo de qualquer tipo, expresso ou impl\u00edcito, estatut\u00e1rio ou de outra forma. A Prado Resorts Vilamoura n\u00e3o garante a exatid\u00e3o ou integralidade da informa\u00e7\u00e3o, texto, gr\u00e1ficos ou outros itens contidos dentro dos materiais. A Prado Resorts Vilamoura pode fazer altera\u00e7\u00f5es aos materiais ou \u00e0s pol\u00edticas ou outras informa\u00e7\u00f5es a qualquer momento sem aviso pr\u00e9vio. A Prado Resorts Vilamoura n\u00e3o assume nenhum compromisso de atualizar os materiais e n\u00e3o ser\u00e1 respons\u00e1vel por digita\u00e7\u00e3o ou erros de transmiss\u00e3o de dados ou imprecis\u00f5es nos materiais, incluindo mas n\u00e3o limitado a erros relativos \u00e0s taxas de alojamento e datas dispon\u00edveis..<\/p>\n<h2>Utiliza\u00e7\u00e3o do Site<\/h2>\n<p>O recurso a reservas pelo site \u00e9 fornecido exclusivamente para ajudar os clientes a determinar disponibilidade e fazer reservas leg\u00edtimas e para nenhuma outra finalidade. O utilizador garante que tem, pelo menos, 18 anos de idade e possui autoridade legal para celebrar este acordo e usar este site de acordo com todos os termos e condi\u00e7\u00f5es aqui estipuladas. O utilizador tamb\u00e9m garante que todas as informa\u00e7\u00f5es fornecidas por si ou por membros do seu agregado familiar que usem este site s\u00e3o verdadeiras, exatas e sem limita\u00e7\u00f5es.<\/p>\n<p>O website da Prado Resorts Vilamoura pode conter liga\u00e7\u00f5es para outros Sites (\u201cSites vinculados\u201d). Os locais referenciados n\u00e3o est\u00e3o sob o controlo da Prado Resorts Vilamoura e a Prado Resorts Vilamoura n\u00e3o \u00e9 respons\u00e1vel pelo conte\u00fado de qualquer Site vinculado, incluindo (sem se limitar a) qualquer link contido num Site vinculado, ou quaisquer altera\u00e7\u00f5es ou atualiza\u00e7\u00f5es de um local. A Prado Resorts Vilamoura n\u00e3o \u00e9 respons\u00e1vel por webcasting ou qualquer outra forma de transmiss\u00e3o recebida de qualquer Site vinculado. A Prado Resorts Vilamoura est\u00e1 a fornecer estas informa\u00e7\u00f5es somente como uma conveni\u00eancia e a inclus\u00e3o de qualquer link n\u00e3o implica a subscri\u00e7\u00e3o pela Prado Resorts Vilamoura do site ou qualquer associa\u00e7\u00e3o com seus operadores.<\/p>\n<h2>Pol\u00edtica de Privacidade<\/h2>\n<p>A seguran\u00e7a dos seus dados pessoais \u00e9 muito importante para n\u00f3s. Para proteger as suas transa\u00e7\u00f5es online, n\u00f3s usamos a tecnologia SSL e os seus dados pessoais ser\u00e3o automaticamente criptografados ou codificados antes de serem enviados pela internet. Quando o utilizador entra numa sec\u00e7\u00e3o segura do nosso site, aparecer\u00e1 na janela do seu navegador uma imagem de um cadeado fechado. Comprometemo-nos n\u00e3o compartilhar dados pessoais fornecidos por si com terceiros.<\/p>\n","protected":false},"excerpt":{"rendered":"<p>Aviso Legal Este website \u00e9-lhe disponibilizado, enquanto utilizador, sob a condi\u00e7\u00e3o de aceder-lhe sem modifica\u00e7\u00e3o dos termos, condi\u00e7\u00f5es e avisos nele contidos. A usa utiliza\u00e7\u00e3o deste Website constitui a sua concord\u00e2ncia com a totalidade destes termos, condi\u00e7\u00f5es e avisos. Este Website destina-se \u00e0 sua utiliza\u00e7\u00e3o pessoal, n\u00e3o comercial e n\u00e3o poder\u00e1 copiar, distribuir, transmitir ou [&hellip;]<\/p>\n","protected":false},"author":1,"featured_media":0,"parent":0,"menu_order":0,"comment_status":"closed","ping_status":"open","template":"","meta":[],"yoast_head":"<!-- This site is optimized with the Yoast SEO Premium plugin v20.0 (Yoast SEO v20.0) - https:\/\/yoast.com\/wordpress\/plugins\/seo\/ -->\n<title>Termos e Condi\u00e7\u00f5es | Prado Vilamoura<\/title>\n<meta name=\"description\" content=\"Pol\u00edtica de Privacidade com todos os termos e condi\u00e7\u00f5es dos Aldeamentos Prado do Golf &amp; Prado Villas em Vilamoura\" \/>\n<meta name=\"robots\" content=\"index, follow, max-snippet:-1, max-image-preview:large, max-video-preview:-1\" \/>\n<link rel=\"canonical\" href=\"https:\/\/www.prado-vilamoura.com\/pt-pt\/termos-e-condicoes\/\" \/>\n<meta property=\"og:locale\" content=\"pt_PT\" \/>\n<meta property=\"og:type\" content=\"article\" \/>\n<meta property=\"og:title\" content=\"Termos e Condi\u00e7\u00f5es\" \/>\n<meta property=\"og:description\" content=\"Pol\u00edtica de Privacidade com todos os termos e condi\u00e7\u00f5es dos Aldeamentos Prado do Golf &amp; Prado Villas em Vilamoura\" \/>\n<meta property=\"og:url\" content=\"https:\/\/www.prado-vilamoura.com\/pt-pt\/termos-e-condicoes\/\" \/>\n<meta property=\"og:site_name\" content=\"Prado Vilamoura\" \/>\n<meta property=\"article:publisher\" content=\"https:\/\/www.facebook.com\/pradovilamoura\" \/>\n<meta property=\"article:modified_time\" content=\"2023-01-11T15:43:02+00:00\" \/>\n<meta name=\"twitter:card\" content=\"summary_large_image\" \/>\n<meta name=\"twitter:site\" content=\"@pradovilamoura\" \/>\n<meta name=\"twitter:label1\" content=\"Tempo estimado de leitura\" \/>\n\t<meta name=\"twitter:data1\" content=\"3 minutos\" \/>\n<script type=\"application\/ld+json\" class=\"yoast-schema-graph\">{\"@context\":\"https:\/\/schema.org\",\"@graph\":[{\"@type\":\"WebPage\",\"@id\":\"https:\/\/www.prado-vilamoura.com\/pt-pt\/termos-e-condicoes\/\",\"url\":\"https:\/\/www.prado-vilamoura.com\/pt-pt\/termos-e-condicoes\/\",\"name\":\"Termos e Condi\u00e7\u00f5es | Prado Vilamoura\",\"isPartOf\":{\"@id\":\"https:\/\/www.prado-vilamoura.com\/pt-pt\/#website\"},\"datePublished\":\"2019-03-18T10:44:29+00:00\",\"dateModified\":\"2023-01-11T15:43:02+00:00\",\"description\":\"Pol\u00edtica de Privacidade com todos os termos e condi\u00e7\u00f5es dos Aldeamentos Prado do Golf & Prado Villas em Vilamoura\",\"breadcrumb\":{\"@id\":\"https:\/\/www.prado-vilamoura.com\/pt-pt\/termos-e-condicoes\/#breadcrumb\"},\"inLanguage\":\"pt-PT\",\"potentialAction\":[{\"@type\":\"ReadAction\",\"target\":[\"https:\/\/www.prado-vilamoura.com\/pt-pt\/termos-e-condicoes\/\"]}]},{\"@type\":\"BreadcrumbList\",\"@id\":\"https:\/\/www.prado-vilamoura.com\/pt-pt\/termos-e-condicoes\/#breadcrumb\",\"itemListElement\":[{\"@type\":\"ListItem\",\"position\":1,\"name\":\"Home\",\"item\":\"https:\/\/www.prado-vilamoura.com\/pt-pt\/\"},{\"@type\":\"ListItem\",\"position\":2,\"name\":\"Termos e Condi\u00e7\u00f5es\"}]},{\"@type\":\"WebSite\",\"@id\":\"https:\/\/www.prado-vilamoura.com\/pt-pt\/#website\",\"url\":\"https:\/\/www.prado-vilamoura.com\/pt-pt\/\",\"name\":\"Prado Vilamoura\",\"description\":\"Self-catering holiday  Villas and Apartments in Vilamoura, the heart of the Algarve\",\"publisher\":{\"@id\":\"https:\/\/www.prado-vilamoura.com\/pt-pt\/#organization\"},\"potentialAction\":[{\"@type\":\"SearchAction\",\"target\":{\"@type\":\"EntryPoint\",\"urlTemplate\":\"https:\/\/www.prado-vilamoura.com\/pt-pt\/?s={search_term_string}\"},\"query-input\":\"required name=search_term_string\"}],\"inLanguage\":\"pt-PT\"},{\"@type\":\"Organization\",\"@id\":\"https:\/\/www.prado-vilamoura.com\/pt-pt\/#organization\",\"name\":\"Prado Vilamoura\",\"url\":\"https:\/\/www.prado-vilamoura.com\/pt-pt\/\",\"logo\":{\"@type\":\"ImageObject\",\"inLanguage\":\"pt-PT\",\"@id\":\"https:\/\/www.prado-vilamoura.com\/pt-pt\/#\/schema\/logo\/image\/\",\"url\":\"https:\/\/www.prado-vilamoura.com\/wp-content\/uploads\/2018\/12\/logo-full.svg\",\"contentUrl\":\"https:\/\/www.prado-vilamoura.com\/wp-content\/uploads\/2018\/12\/logo-full.svg\",\"caption\":\"Prado Vilamoura\"},\"image\":{\"@id\":\"https:\/\/www.prado-vilamoura.com\/pt-pt\/#\/schema\/logo\/image\/\"},\"sameAs\":[\"https:\/\/www.instagram.com\/pradovilamoura\",\"https:\/\/www.facebook.com\/pradovilamoura\",\"https:\/\/twitter.com\/pradovilamoura\"]}]}<\/script>\n<!-- \/ Yoast SEO Premium plugin. -->","yoast_head_json":{"title":"Termos e Condi\u00e7\u00f5es | Prado Vilamoura","description":"Pol\u00edtica de Privacidade com todos os termos e condi\u00e7\u00f5es dos Aldeamentos Prado do Golf & Prado Villas em Vilamoura","robots":{"index":"index","follow":"follow","max-snippet":"max-snippet:-1","max-image-preview":"max-image-preview:large","max-video-preview":"max-video-preview:-1"},"canonical":"https:\/\/www.prado-vilamoura.com\/pt-pt\/termos-e-condicoes\/","og_locale":"pt_PT","og_type":"article","og_title":"Termos e Condi\u00e7\u00f5es","og_description":"Pol\u00edtica de Privacidade com todos os termos e condi\u00e7\u00f5es dos Aldeamentos Prado do Golf & Prado Villas em Vilamoura","og_url":"https:\/\/www.prado-vilamoura.com\/pt-pt\/termos-e-condicoes\/","og_site_name":"Prado Vilamoura","article_publisher":"https:\/\/www.facebook.com\/pradovilamoura","article_modified_time":"2023-01-11T15:43:02+00:00","twitter_card":"summary_large_image","twitter_site":"@pradovilamoura","twitter_misc":{"Tempo estimado de leitura":"3 minutos"},"schema":{"@context":"https:\/\/schema.org","@graph":[{"@type":"WebPage","@id":"https:\/\/www.prado-vilamoura.com\/pt-pt\/termos-e-condicoes\/","url":"https:\/\/www.prado-vilamoura.com\/pt-pt\/termos-e-condicoes\/","name":"Termos e Condi\u00e7\u00f5es | Prado Vilamoura","isPartOf":{"@id":"https:\/\/www.prado-vilamoura.com\/pt-pt\/#website"},"datePublished":"2019-03-18T10:44:29+00:00","dateModified":"2023-01-11T15:43:02+00:00","description":"Pol\u00edtica de Privacidade com todos os termos e condi\u00e7\u00f5es dos Aldeamentos Prado do Golf & Prado Villas em Vilamoura","breadcrumb":{"@id":"https:\/\/www.prado-vilamoura.com\/pt-pt\/termos-e-condicoes\/#breadcrumb"},"inLanguage":"pt-PT","potentialAction":[{"@type":"ReadAction","target":["https:\/\/www.prado-vilamoura.com\/pt-pt\/termos-e-condicoes\/"]}]},{"@type":"BreadcrumbList","@id":"https:\/\/www.prado-vilamoura.com\/pt-pt\/termos-e-condicoes\/#breadcrumb","itemListElement":[{"@type":"ListItem","position":1,"name":"Home","item":"https:\/\/www.prado-vilamoura.com\/pt-pt\/"},{"@type":"ListItem","position":2,"name":"Termos e Condi\u00e7\u00f5es"}]},{"@type":"WebSite","@id":"https:\/\/www.prado-vilamoura.com\/pt-pt\/#website","url":"https:\/\/www.prado-vilamoura.com\/pt-pt\/","name":"Prado Vilamoura","description":"Self-catering holiday  Villas and Apartments in Vilamoura, the heart of the Algarve","publisher":{"@id":"https:\/\/www.prado-vilamoura.com\/pt-pt\/#organization"},"potentialAction":[{"@type":"SearchAction","target":{"@type":"EntryPoint","urlTemplate":"https:\/\/www.prado-vilamoura.com\/pt-pt\/?s={search_term_string}"},"query-input":"required name=search_term_string"}],"inLanguage":"pt-PT"},{"@type":"Organization","@id":"https:\/\/www.prado-vilamoura.com\/pt-pt\/#organization","name":"Prado Vilamoura","url":"https:\/\/www.prado-vilamoura.com\/pt-pt\/","logo":{"@type":"ImageObject","inLanguage":"pt-PT","@id":"https:\/\/www.prado-vilamoura.com\/pt-pt\/#\/schema\/logo\/image\/","url":"https:\/\/www.prado-vilamoura.com\/wp-content\/uploads\/2018\/12\/logo-full.svg","contentUrl":"https:\/\/www.prado-vilamoura.com\/wp-content\/uploads\/2018\/12\/logo-full.svg","caption":"Prado Vilamoura"},"image":{"@id":"https:\/\/www.prado-vilamoura.com\/pt-pt\/#\/schema\/logo\/image\/"},"sameAs":["https:\/\/www.instagram.com\/pradovilamoura","https:\/\/www.facebook.com\/pradovilamoura","https:\/\/twitter.com\/pradovilamoura"]}]}},"_links":{"self":[{"href":"https:\/\/www.prado-vilamoura.com\/pt-pt\/wp-json\/wp\/v2\/pages\/1404"}],"collection":[{"href":"https:\/\/www.prado-vilamoura.com\/pt-pt\/wp-json\/wp\/v2\/pages"}],"about":[{"href":"https:\/\/www.prado-vilamoura.com\/pt-pt\/wp-json\/wp\/v2\/types\/page"}],"author":[{"embeddable":true,"href":"https:\/\/www.prado-vilamoura.com\/pt-pt\/wp-json\/wp\/v2\/users\/1"}],"replies":[{"embeddable":true,"href":"https:\/\/www.prado-vilamoura.com\/pt-pt\/wp-json\/wp\/v2\/comments?post=1404"}],"version-history":[{"count":2,"href":"https:\/\/www.prado-vilamoura.com\/pt-pt\/wp-json\/wp\/v2\/pages\/1404\/revisions"}],"predecessor-version":[{"id":1406,"href":"https:\/\/www.prado-vilamoura.com\/pt-pt\/wp-json\/wp\/v2\/pages\/1404\/revisions\/1406"}],"wp:attachment":[{"href":"https:\/\/www.prado-vilamoura.com\/pt-pt\/wp-json\/wp\/v2\/media?parent=1404"}],"curies":[{"name":"wp","href":"https:\/\/api.w.org\/{rel}","templated":true}]}}